{"id":206,"date":"2015-12-10T12:35:20","date_gmt":"2015-12-10T17:35:20","guid":{"rendered":"http:\/\/supervisiontremblant.com\/?page_id=206&#038;lang=en"},"modified":"2018-12-19T12:42:31","modified_gmt":"2018-12-19T17:42:31","slug":"about-us","status":"publish","type":"page","link":"http:\/\/supervisiontremblant.com\/en\/about-us\/","title":{"rendered":"About us"},"content":{"rendered":"<div class=\"fusion-fullwidth fullwidth-box fusion-builder-row-1 hundred-percent-fullwidth non-hundred-percent-height-scrolling\" style=\"background-color: rgba(255,255,255,0);background-position: center center;background-repeat: no-repeat;padding-top:0px;padding-right:0px;padding-bottom:0px;padding-left:0px;margin-bottom: 0px;margin-top: 0px;border-width: 0px 0px 0px 0px;border-color:#eae9e9;border-style:solid;\" ><div class=\"fusion-builder-row fusion-row\"><div class=\"fusion-layout-column fusion_builder_column fusion-builder-column-0 fusion_builder_column_3_4 3_4 fusion-three-fourth fusion-column-first\" style=\"width:74%; margin-right: 4%;margin-top:0px;margin-bottom:20px;\"><div class=\"fusion-column-wrapper fusion-flex-column-wrapper-legacy\" style=\"background-position:left top;background-repeat:no-repeat;-webkit-background-size:cover;-moz-background-size:cover;-o-background-size:cover;background-size:cover;padding: 0px 0px 0px 0px;\"><style type=\"text\/css\"><\/style><div class=\"fusion-title title fusion-title-1 fusion-title-text fusion-title-size-two\" style=\"margin-top:0px;margin-right:0px;margin-bottom:31px;margin-left:0px;\"><h2 class=\"title-heading-left\" style=\"margin:0;\">We are here to serve you<\/h2><span class=\"awb-title-spacer\"><\/span><div class=\"title-sep-container\"><div class=\"title-sep sep-double sep-solid\" style=\"border-color:#e0dede;\"><\/div><\/div><\/div><div class=\"fusion-text fusion-text-1\"><p><strong>43 years already !<\/strong><br \/>\nA Success story: Supervision et Surveillance de r\u00e9sidences Mont-Tremblant Inc. is a family- run business.<br \/>\nNative of Saint-Jovite ( today Mont-Tremblant )<br \/>\nPierre Cloutier is working at The Auberge Gray Rocks, when he decides , in 1976, to start a business in Property Management.<br \/>\nIt does not take long for him to get well known,in the area.<br \/>\nMostly owners of secondary residences,vacation homes.<br \/>\nHis middle class and upscale &#8220;Clientele&#8221; increases gradually, so well, that he will eventually work at it , full time.<br \/>\nThrough the years, bonds of friendship and trust will be builded, some developed for generations.<br \/>\nTimes have changed a lot since 1976. There were challenges, adaptation.<br \/>\nSince then, new services were added. Spa and Pool Maintenance, and more.<br \/>\nBut one aspect has not changed. The importance of Customer service.<br \/>\nThe Bond of trust between the Owner and his Property Manager.<br \/>\nYou cannot put a price on that.<br \/>\nThat is the heritage, that Pierre has passed on to his son Simon<br \/>\nIn November 2013, who will soon take over with the same trademark, Service.<\/p>\n<\/div><div class=\"fusion-clearfix\"><\/div><\/div><\/div><div class=\"fusion-layout-column fusion_builder_column fusion-builder-column-1 fusion_builder_column_1_4 1_4 fusion-one-fourth fusion-column-last\" style=\"width:22%;margin-top:0px;margin-bottom:20px;\"><div class=\"fusion-column-wrapper fusion-flex-column-wrapper-legacy\" style=\"background-position:left top;background-repeat:no-repeat;-webkit-background-size:cover;-moz-background-size:cover;-o-background-size:cover;background-size:cover;padding: 0px 0px 0px 0px;\"><style type=\"text\/css\"><\/style><div class=\"fusion-title title fusion-title-2 fusion-title-text fusion-title-size-two\" style=\"margin-top:0px;margin-right:0px;margin-bottom:31px;margin-left:0px;\"><h2 class=\"title-heading-left\" style=\"margin:0;\">What we offer<\/h2><span class=\"awb-title-spacer\"><\/span><div class=\"title-sep-container\"><div class=\"title-sep sep-double sep-solid\" style=\"border-color:#e0dede;\"><\/div><\/div><\/div><ul class=\"fusion-checklist fusion-checklist-1\" style=\"font-size:13px;line-height:22.1px;\"><li style=\"background-color:rgba(255,255,255,0);\" class=\"fusion-li-item\"><span style=\"background-color:#1a80b6;font-size:11.44px;height:22.1px;width:22.1px;margin-right:9.1px;\" class=\"icon-wrapper circle-yes\"><i class=\"fusion-li-icon fa fa-check\" style=\"color:#ffffff;\" aria-hidden=\"true\"><\/i><\/span><div class=\"fusion-li-item-content\" style=\"margin-left:31.2px;color:#747474;\">A turn-key personalized service<\/div><\/li><li style=\"background-color:rgba(255,255,255,0);\" class=\"fusion-li-item\"><span style=\"background-color:#1a80b6;font-size:11.44px;height:22.1px;width:22.1px;margin-right:9.1px;\" class=\"icon-wrapper circle-yes\"><i class=\"fusion-li-icon fa fa-check\" style=\"color:#ffffff;\" aria-hidden=\"true\"><\/i><\/span><div class=\"fusion-li-item-content\" style=\"margin-left:31.2px;color:#747474;\">A quality assurance<\/div><\/li><li style=\"background-color:rgba(255,255,255,0);\" class=\"fusion-li-item\"><span style=\"background-color:#1a80b6;font-size:11.44px;height:22.1px;width:22.1px;margin-right:9.1px;\" class=\"icon-wrapper circle-yes\"><i class=\"fusion-li-icon fa fa-check\" style=\"color:#ffffff;\" aria-hidden=\"true\"><\/i><\/span><div class=\"fusion-li-item-content\" style=\"margin-left:31.2px;color:#747474;\">The peace of mind<\/div><\/li><li style=\"background-color:rgba(255,255,255,0);\" class=\"fusion-li-item\"><span style=\"background-color:#1a80b6;font-size:11.44px;height:22.1px;width:22.1px;margin-right:9.1px;\" class=\"icon-wrapper circle-yes\"><i class=\"fusion-li-icon fa fa-check\" style=\"color:#ffffff;\" aria-hidden=\"true\"><\/i><\/span><div class=\"fusion-li-item-content\" style=\"margin-left:31.2px;color:#747474;\">The experience<\/div><\/li><\/ul><div class=\"fusion-clearfix\"><\/div><\/div><\/div><div class=\"fusion-layout-column fusion_builder_column fusion-builder-column-2 fusion_builder_column_1_1 1_1 fusion-one-full fusion-column-first fusion-column-last fusion-column-no-min-height\" style=\"margin-top:0px;margin-bottom:0px;\"><div class=\"fusion-column-wrapper fusion-flex-column-wrapper-legacy\" style=\"background-position:left top;background-repeat:no-repeat;-webkit-background-size:cover;-moz-background-size:cover;-o-background-size:cover;background-size:cover;padding: 0px 0px 0px 0px;\"><div class=\"fusion-sep-clear\"><\/div><div class=\"fusion-separator fusion-full-width-sep\" style=\"margin-left: auto;margin-right: auto;margin-top:10px;margin-bottom:10px;width:100%;\"><\/div><div class=\"fusion-sep-clear\"><\/div><div class=\"fusion-clearfix\"><\/div><\/div><\/div><div class=\"fusion-layout-column fusion_builder_column fusion-builder-column-3 fusion_builder_column_1_1 1_1 fusion-one-full fusion-column-first fusion-column-last fusion-column-no-min-height\" style=\"margin-top:0px;margin-bottom:0px;\"><div class=\"fusion-column-wrapper fusion-flex-column-wrapper-legacy\" style=\"background-position:left top;background-repeat:no-repeat;-webkit-background-size:cover;-moz-background-size:cover;-o-background-size:cover;background-size:cover;padding: 0px 0px 0px 0px;\"><style type=\"text\/css\"><\/style><div class=\"fusion-title title fusion-title-3 fusion-title-text fusion-title-size-two\" style=\"margin-top:0px;margin-right:0px;margin-bottom:31px;margin-left:0px;\"><h2 class=\"title-heading-left\" style=\"margin:0;\">Our team<\/h2><span class=\"awb-title-spacer\"><\/span><div class=\"title-sep-container\"><div class=\"title-sep sep-double sep-solid\" style=\"border-color:#e0dede;\"><\/div><\/div><\/div><div class=\"fusion-clearfix\"><\/div><\/div><\/div><div class=\"fusion-layout-column fusion_builder_column fusion-builder-column-4 fusion_builder_column_1_2 1_2 fusion-one-half fusion-column-first\" style=\"width:48%; margin-right: 4%;margin-top:0px;margin-bottom:20px;\"><div class=\"fusion-column-wrapper fusion-flex-column-wrapper-legacy\" style=\"background-position:left top;background-repeat:no-repeat;-webkit-background-size:cover;-moz-background-size:cover;-o-background-size:cover;background-size:cover;padding: 0px 0px 0px 0px;\"><div class=\"fusion-person person fusion-person-center fusion-person-1 fusion-person-icon-top\"><div class=\"person-shortcode-image-wrapper\"><div class=\"person-image-container hover-type-none\" style=\"border:0px solid #f6f6f6;-webkit-border-radius:0px;-moz-border-radius:0px;border-radius:0px;\"><img decoding=\"async\" class=\"person-img img-responsive wp-image-326\" width=\"150\" height=\"150\" src=\"http:\/\/supervisiontremblant.com\/wp-content\/uploads\/2015\/07\/Pierre_Cloutier-150x150.jpg\" alt=\"Pierre Cloutier\" srcset=\"http:\/\/supervisiontremblant.com\/wp-content\/uploads\/2015\/07\/Pierre_Cloutier-66x66.jpg 66w, http:\/\/supervisiontremblant.com\/wp-content\/uploads\/2015\/07\/Pierre_Cloutier-150x150.jpg 150w\" sizes=\"(max-width: 150px) 100vw, 150px\" \/><\/div><\/div><div class=\"person-desc\"><div class=\"person-author\"><div class=\"person-author-wrapper\"><span class=\"person-name\">Pierre Cloutier<\/span><span class=\"person-title\">President and founder<\/span><\/div><\/div><div class=\"person-content fusion-clearfix\">Operation director<\/div><\/div><\/div><style type=\"text\/css\">.fusion-person-1 .boxed-icons .fusion-social-network-icon{border-top-width:0px !important;border-right-width:0px !important;border-bottom-width:0px !important;border-left-width:0px !important;border-color:var(--awb-color3) !important;}.fusion-person-1 .boxed-icons .fusion-social-network-icon:hover{background-color:rgba(232,232,232,0.8) !important;border-color:var(--awb-color4) !important;}.fusion-person-1 .fusion-social-network-icon:hover{color:rgba(190,189,189,0.8) !important;}.fusion-person-1{ margin-top : 0px;margin-right : 0px;margin-bottom : 0px;margin-left : 0px;}<\/style><div class=\"fusion-clearfix\"><\/div><\/div><\/div><div class=\"fusion-layout-column fusion_builder_column fusion-builder-column-5 fusion_builder_column_1_2 1_2 fusion-one-half fusion-column-last\" style=\"width:48%;margin-top:0px;margin-bottom:20px;\"><div class=\"fusion-column-wrapper fusion-flex-column-wrapper-legacy\" style=\"background-position:left top;background-repeat:no-repeat;-webkit-background-size:cover;-moz-background-size:cover;-o-background-size:cover;background-size:cover;padding: 0px 0px 0px 0px;\"><div class=\"fusion-person person fusion-person-center fusion-person-2 fusion-person-icon-top\"><div class=\"person-shortcode-image-wrapper\"><div class=\"person-image-container hover-type-none\" style=\"border:0px solid #f6f6f6;-webkit-border-radius:0px;-moz-border-radius:0px;border-radius:0px;\"><img decoding=\"async\" class=\"person-img img-responsive\" src=\"http:\/\/supervisiontremblant.com\/wp-content\/uploads\/2017\/12\/supervisiontremblantsh-150x150.png\" alt=\"Simon Cloutier\" \/><\/div><\/div><div class=\"person-desc\"><div class=\"person-author\"><div class=\"person-author-wrapper\"><span class=\"person-name\">Simon Cloutier<\/span><span class=\"person-title\">Associate and share holder<\/span><\/div><\/div><div class=\"person-content fusion-clearfix\">Operation supervisor<\/div><\/div><\/div><style type=\"text\/css\">.fusion-person-2 .boxed-icons .fusion-social-network-icon{border-top-width:0px !important;border-right-width:0px !important;border-bottom-width:0px !important;border-left-width:0px !important;border-color:var(--awb-color3) !important;}.fusion-person-2 .boxed-icons .fusion-social-network-icon:hover{background-color:rgba(232,232,232,0.8) !important;border-color:var(--awb-color4) !important;}.fusion-person-2 .fusion-social-network-icon:hover{color:rgba(190,189,189,0.8) !important;}.fusion-person-2{ margin-top : 0px;margin-right : 0px;margin-bottom : 0px;margin-left : 0px;}<\/style><div class=\"fusion-clearfix\"><\/div><\/div><\/div><\/div><style type=\"text\/css\">.fusion-fullwidth.fusion-builder-row-1 { overflow:visible; }<\/style><\/div>\n","protected":false},"excerpt":{"rendered":"","protected":false},"author":1,"featured_media":0,"parent":0,"menu_order":0,"comment_status":"open","ping_status":"open","template":"","meta":{"footnotes":""},"class_list":["post-206","page","type-page","status-publish","hentry"],"yoast_head":"<!-- This site is optimized with the Yoast SEO plugin v27.0 - https:\/\/yoast.com\/product\/yoast-seo-wordpress\/ -->\n<title>About us - Supervision de R\u00e9sidences Mont-Tremblant<\/title>\n<meta name=\"description\" content=\"Supervision et Surveillance de r\u00e9sidences Mont-Tremblant Inc. is a family- run business\u00a0 directed by Pierre Cloutier with the cares of customer service\" \/>\n<meta name=\"robots\" content=\"index, follow, max-snippet:-1, max-image-preview:large, max-video-preview:-1\" \/>\n<link rel=\"canonical\" href=\"http:\/\/supervisiontremblant.com\/en\/about-us\/\" \/>\n<meta property=\"og:locale\" content=\"en_US\" \/>\n<meta property=\"og:type\" content=\"article\" \/>\n<meta property=\"og:title\" content=\"About us - Supervision de R\u00e9sidences Mont-Tremblant\" \/>\n<meta property=\"og:description\" content=\"Supervision et Surveillance de r\u00e9sidences Mont-Tremblant Inc. is a family- run business\u00a0 directed by Pierre Cloutier with the cares of customer service\" \/>\n<meta property=\"og:url\" content=\"http:\/\/supervisiontremblant.com\/en\/about-us\/\" \/>\n<meta property=\"og:site_name\" content=\"Supervision de R\u00e9sidences Mont-Tremblant\" \/>\n<meta property=\"article:modified_time\" content=\"2018-12-19T17:42:31+00:00\" \/>\n<meta name=\"twitter:card\" content=\"summary_large_image\" \/>\n<meta name=\"twitter:label1\" content=\"Est. reading time\" \/>\n\t<meta name=\"twitter:data1\" content=\"5 minutes\" \/>\n<script type=\"application\/ld+json\" class=\"yoast-schema-graph\">{\"@context\":\"https:\/\/schema.org\",\"@graph\":[{\"@type\":\"WebPage\",\"@id\":\"http:\/\/supervisiontremblant.com\/en\/about-us\/\",\"url\":\"http:\/\/supervisiontremblant.com\/en\/about-us\/\",\"name\":\"About us - Supervision de R\u00e9sidences Mont-Tremblant\",\"isPartOf\":{\"@id\":\"http:\/\/supervisiontremblant.com\/#website\"},\"datePublished\":\"2015-12-10T17:35:20+00:00\",\"dateModified\":\"2018-12-19T17:42:31+00:00\",\"description\":\"Supervision et Surveillance de r\u00e9sidences Mont-Tremblant Inc. is a family- run business\u00a0 directed by Pierre Cloutier with the cares of customer service\",\"breadcrumb\":{\"@id\":\"http:\/\/supervisiontremblant.com\/en\/about-us\/#breadcrumb\"},\"inLanguage\":\"en-US\",\"potentialAction\":[{\"@type\":\"ReadAction\",\"target\":[\"http:\/\/supervisiontremblant.com\/en\/about-us\/\"]}]},{\"@type\":\"BreadcrumbList\",\"@id\":\"http:\/\/supervisiontremblant.com\/en\/about-us\/#breadcrumb\",\"itemListElement\":[{\"@type\":\"ListItem\",\"position\":1,\"name\":\"Accueil\",\"item\":\"http:\/\/supervisiontremblant.com\/en\/\"},{\"@type\":\"ListItem\",\"position\":2,\"name\":\"About us\"}]},{\"@type\":\"WebSite\",\"@id\":\"http:\/\/supervisiontremblant.com\/#website\",\"url\":\"http:\/\/supervisiontremblant.com\/\",\"name\":\"Supervision de R\u00e9sidences Mont-Tremblant\",\"description\":\"Supervision, entretien, et surveillance de propri\u00e9t\u00e9 \u00e0 Mont-Tremblant\",\"potentialAction\":[{\"@type\":\"SearchAction\",\"target\":{\"@type\":\"EntryPoint\",\"urlTemplate\":\"http:\/\/supervisiontremblant.com\/?s={search_term_string}\"},\"query-input\":{\"@type\":\"PropertyValueSpecification\",\"valueRequired\":true,\"valueName\":\"search_term_string\"}}],\"inLanguage\":\"en-US\"}]}<\/script>\n<!-- \/ Yoast SEO plugin. -->","yoast_head_json":{"title":"About us - Supervision de R\u00e9sidences Mont-Tremblant","description":"Supervision et Surveillance de r\u00e9sidences Mont-Tremblant Inc. is a family- run business\u00a0 directed by Pierre Cloutier with the cares of customer service","robots":{"index":"index","follow":"follow","max-snippet":"max-snippet:-1","max-image-preview":"max-image-preview:large","max-video-preview":"max-video-preview:-1"},"canonical":"http:\/\/supervisiontremblant.com\/en\/about-us\/","og_locale":"en_US","og_type":"article","og_title":"About us - Supervision de R\u00e9sidences Mont-Tremblant","og_description":"Supervision et Surveillance de r\u00e9sidences Mont-Tremblant Inc. is a family- run business\u00a0 directed by Pierre Cloutier with the cares of customer service","og_url":"http:\/\/supervisiontremblant.com\/en\/about-us\/","og_site_name":"Supervision de R\u00e9sidences Mont-Tremblant","article_modified_time":"2018-12-19T17:42:31+00:00","twitter_card":"summary_large_image","twitter_misc":{"Est. reading time":"5 minutes"},"schema":{"@context":"https:\/\/schema.org","@graph":[{"@type":"WebPage","@id":"http:\/\/supervisiontremblant.com\/en\/about-us\/","url":"http:\/\/supervisiontremblant.com\/en\/about-us\/","name":"About us - Supervision de R\u00e9sidences Mont-Tremblant","isPartOf":{"@id":"http:\/\/supervisiontremblant.com\/#website"},"datePublished":"2015-12-10T17:35:20+00:00","dateModified":"2018-12-19T17:42:31+00:00","description":"Supervision et Surveillance de r\u00e9sidences Mont-Tremblant Inc. is a family- run business\u00a0 directed by Pierre Cloutier with the cares of customer service","breadcrumb":{"@id":"http:\/\/supervisiontremblant.com\/en\/about-us\/#breadcrumb"},"inLanguage":"en-US","potentialAction":[{"@type":"ReadAction","target":["http:\/\/supervisiontremblant.com\/en\/about-us\/"]}]},{"@type":"BreadcrumbList","@id":"http:\/\/supervisiontremblant.com\/en\/about-us\/#breadcrumb","itemListElement":[{"@type":"ListItem","position":1,"name":"Accueil","item":"http:\/\/supervisiontremblant.com\/en\/"},{"@type":"ListItem","position":2,"name":"About us"}]},{"@type":"WebSite","@id":"http:\/\/supervisiontremblant.com\/#website","url":"http:\/\/supervisiontremblant.com\/","name":"Supervision de R\u00e9sidences Mont-Tremblant","description":"Supervision, entretien, et surveillance de propri\u00e9t\u00e9 \u00e0 Mont-Tremblant","potentialAction":[{"@type":"SearchAction","target":{"@type":"EntryPoint","urlTemplate":"http:\/\/supervisiontremblant.com\/?s={search_term_string}"},"query-input":{"@type":"PropertyValueSpecification","valueRequired":true,"valueName":"search_term_string"}}],"inLanguage":"en-US"}]}},"_links":{"self":[{"href":"http:\/\/supervisiontremblant.com\/en\/wp-json\/wp\/v2\/pages\/206","targetHints":{"allow":["GET"]}}],"collection":[{"href":"http:\/\/supervisiontremblant.com\/en\/wp-json\/wp\/v2\/pages"}],"about":[{"href":"http:\/\/supervisiontremblant.com\/en\/wp-json\/wp\/v2\/types\/page"}],"author":[{"embeddable":true,"href":"http:\/\/supervisiontremblant.com\/en\/wp-json\/wp\/v2\/users\/1"}],"replies":[{"embeddable":true,"href":"http:\/\/supervisiontremblant.com\/en\/wp-json\/wp\/v2\/comments?post=206"}],"version-history":[{"count":6,"href":"http:\/\/supervisiontremblant.com\/en\/wp-json\/wp\/v2\/pages\/206\/revisions"}],"predecessor-version":[{"id":355,"href":"http:\/\/supervisiontremblant.com\/en\/wp-json\/wp\/v2\/pages\/206\/revisions\/355"}],"wp:attachment":[{"href":"http:\/\/supervisiontremblant.com\/en\/wp-json\/wp\/v2\/media?parent=206"}],"curies":[{"name":"wp","href":"https:\/\/api.w.org\/{rel}","templated":true}]}}