{"id":208,"date":"2015-12-10T12:37:30","date_gmt":"2015-12-10T17:37:30","guid":{"rendered":"http:\/\/supervisiontremblant.com\/?page_id=208&#038;lang=en"},"modified":"2022-04-01T13:36:59","modified_gmt":"2022-04-01T18:36:59","slug":"services","status":"publish","type":"page","link":"http:\/\/supervisiontremblant.com\/en\/services\/","title":{"rendered":"Services"},"content":{"rendered":"<div class=\"fusion-fullwidth fullwidth-box fusion-builder-row-1 hundred-percent-fullwidth non-hundred-percent-height-scrolling\" style=\"background-color: rgba(255,255,255,0);background-position: center center;background-repeat: no-repeat;padding-top:0px;padding-right:0px;padding-bottom:0px;padding-left:0px;margin-bottom: 0px;margin-top: 0px;border-width: 0px 0px 0px 0px;border-color:#eae9e9;border-style:solid;\" ><div class=\"fusion-builder-row fusion-row\"><div class=\"fusion-layout-column fusion_builder_column fusion-builder-column-0 fusion_builder_column_1_2 1_2 fusion-one-half fusion-column-first\" style=\"width:48%; margin-right: 4%;margin-top:0px;margin-bottom:20px;\"><div class=\"fusion-column-wrapper fusion-flex-column-wrapper-legacy\" style=\"background-position:left top;background-repeat:no-repeat;-webkit-background-size:cover;-moz-background-size:cover;-o-background-size:cover;background-size:cover;padding: 0px 0px 0px 0px;\"><div class=\"fusion-slider-sc fusion-flexslider-loading flexslider flexslider-hover-type-none\" data-slideshow_autoplay=\"1\" data-slideshow_smooth_height=\"0\" data-slideshow_speed=\"7000\" style=\"max-width:100%;height:100%;\"><ul class=\"slides\"><li class=\"image\"><span class=\"fusion-image-hover-element hover-type-none\"><img decoding=\"async\" src=\"http:\/\/supervisiontremblant.com\/wp-content\/uploads\/2015\/07\/shutterstock_279232466-300x225.jpg\" width=\"300\" height=\"225\" \/><\/span><\/li><li class=\"image\"><span class=\"fusion-image-hover-element hover-type-none\"><img decoding=\"async\" src=\"http:\/\/supervisiontremblant.com\/wp-content\/uploads\/2015\/07\/shutterstock_268743149-300x225.jpg\" width=\"300\" height=\"225\" \/><\/span><\/li><\/ul><\/div><div class=\"fusion-clearfix\"><\/div><\/div><\/div><div class=\"fusion-layout-column fusion_builder_column fusion-builder-column-1 fusion_builder_column_1_2 1_2 fusion-one-half fusion-column-last\" style=\"width:48%;margin-top:0px;margin-bottom:20px;\"><div class=\"fusion-column-wrapper fusion-flex-column-wrapper-legacy\" style=\"background-position:left top;background-repeat:no-repeat;-webkit-background-size:cover;-moz-background-size:cover;-o-background-size:cover;background-size:cover;padding: 0px 0px 0px 0px;\"><style type=\"text\/css\"><\/style><div class=\"fusion-title title fusion-title-1 fusion-title-text fusion-title-size-two\" style=\"margin-top:0px;margin-right:0px;margin-bottom:31px;margin-left:0px;\"><h2 class=\"title-heading-left\" style=\"margin:0;\">The expertise of Supervision R\u00e9sidences Mont-Tremblant<\/h2><span class=\"awb-title-spacer\"><\/span><div class=\"title-sep-container\"><div class=\"title-sep sep-double sep-solid\" style=\"border-color:#e0dede;\"><\/div><\/div><\/div><div class=\"fusion-text fusion-text-1\"><p>43 years of experience gives us an edge over the competition:<\/p>\n<p>Knowledge of the environment, all service providers.<\/p>\n<p>Quality, best prices and best service.<\/p>\n<\/div><div class=\"fusion-sep-clear\"><\/div><div class=\"fusion-separator fusion-full-width-sep\" style=\"margin-left: auto;margin-right: auto;width:100%;\"><\/div><div class=\"fusion-sep-clear\"><\/div><div class=\"fusion-text fusion-text-2\"><p><strong><span id=\"result_box\" class=\"\" lang=\"en\"><span class=\"hps\">Service Offering:<\/span> <span class=\"hps\">Spa<\/span> <span class=\"hps\">Maintenance<\/span> <span class=\"hps\">Condos,<\/span> <span class=\"hps\">Cottages and<\/span> <span class=\"hps\">Holiday<\/span> <span class=\"hps\">Houses.<\/span><\/span><\/strong><\/p>\n<p>With the Monthly Package # 1 at 250.00$ + taxes including one visit per week\u00a0(Upkeep and products included).<\/p>\n<p>Obtain additional visits for Departures-Arrivals (Out-ins) for only 30$ per service call.<\/p>\n<p>Note\u00a0: If Departures and Arrivals should coincide with regular Weekly visits. They are included in the package.<\/p>\n<\/div><div class=\"fusion-align-block\"><a class=\"fusion-button button-flat fusion-button-default-size button-blue button-1 fusion-button-span-yes fusion-button-default-type\" target=\"_self\" href=\"http:\/\/supervisiontremblant.com\/en\/contact\/\"><i class=\" fa fa-gift button-icon-left\" aria-hidden=\"true\"><\/i><span class=\"fusion-button-text\">Ask us for a personalised service offer<\/span><\/a><\/div><div class=\"fusion-clearfix\"><\/div><\/div><\/div><div class=\"fusion-layout-column fusion_builder_column fusion-builder-column-2 fusion_builder_column_1_2 1_2 fusion-one-half fusion-column-first\" style=\"width:48%; margin-right: 4%;margin-top:0px;margin-bottom:20px;\"><div class=\"fusion-column-wrapper fusion-flex-column-wrapper-legacy\" style=\"background-position:left top;background-repeat:no-repeat;-webkit-background-size:cover;-moz-background-size:cover;-o-background-size:cover;background-size:cover;padding: 0px 0px 0px 0px;\"><style type=\"text\/css\"><\/style><div class=\"fusion-title title fusion-title-2 fusion-title-text fusion-title-size-two\" style=\"margin-top:0px;margin-right:0px;margin-bottom:31px;margin-left:0px;\"><h2 class=\"title-heading-left\" style=\"margin:0;\">Why choose us ?<\/h2><span class=\"awb-title-spacer\"><\/span><div class=\"title-sep-container\"><div class=\"title-sep sep-double sep-solid\" style=\"border-color:#e0dede;\"><\/div><\/div><\/div><ul class=\"fusion-checklist fusion-checklist-1\" style=\"font-size:13px;line-height:22.1px;\"><li style=\"background-color:rgba(255,255,255,0);\" class=\"fusion-li-item\"><span style=\"background-color:#1a80b6;font-size:11.44px;height:22.1px;width:22.1px;margin-right:9.1px;\" class=\"icon-wrapper circle-yes\"><i class=\"fusion-li-icon fa fa-check\" style=\"color:#ffffff;\" aria-hidden=\"true\"><\/i><\/span><div class=\"fusion-li-item-content\" style=\"margin-left:31.2px;color:#747474;\">A turn-key personalized service<\/div><\/li><li style=\"background-color:rgba(255,255,255,0);\" class=\"fusion-li-item\"><span style=\"background-color:#1a80b6;font-size:11.44px;height:22.1px;width:22.1px;margin-right:9.1px;\" class=\"icon-wrapper circle-yes\"><i class=\"fusion-li-icon fa fa-check\" style=\"color:#ffffff;\" aria-hidden=\"true\"><\/i><\/span><div class=\"fusion-li-item-content\" style=\"margin-left:31.2px;color:#747474;\">A quality assurance<\/div><\/li><li style=\"background-color:rgba(255,255,255,0);\" class=\"fusion-li-item\"><span style=\"background-color:#1a80b6;font-size:11.44px;height:22.1px;width:22.1px;margin-right:9.1px;\" class=\"icon-wrapper circle-yes\"><i class=\"fusion-li-icon fa fa-check\" style=\"color:#ffffff;\" aria-hidden=\"true\"><\/i><\/span><div class=\"fusion-li-item-content\" style=\"margin-left:31.2px;color:#747474;\">The peace of mind<\/div><\/li><li style=\"background-color:rgba(255,255,255,0);\" class=\"fusion-li-item\"><span style=\"background-color:#1a80b6;font-size:11.44px;height:22.1px;width:22.1px;margin-right:9.1px;\" class=\"icon-wrapper circle-yes\"><i class=\"fusion-li-icon fa fa-check\" style=\"color:#ffffff;\" aria-hidden=\"true\"><\/i><\/span><div class=\"fusion-li-item-content\" style=\"margin-left:31.2px;color:#747474;\">The experience<\/div><\/li><\/ul><div class=\"fusion-clearfix\"><\/div><\/div><\/div><div class=\"fusion-layout-column fusion_builder_column fusion-builder-column-3 fusion_builder_column_1_2 1_2 fusion-one-half fusion-column-last\" style=\"width:48%;margin-top:0px;margin-bottom:20px;\"><div class=\"fusion-column-wrapper fusion-flex-column-wrapper-legacy\" style=\"background-position:left top;background-repeat:no-repeat;-webkit-background-size:cover;-moz-background-size:cover;-o-background-size:cover;background-size:cover;padding: 0px 0px 0px 0px;\"><style type=\"text\/css\"><\/style><div class=\"fusion-title title fusion-title-3 fusion-title-text fusion-title-size-two\" style=\"margin-top:0px;margin-right:0px;margin-bottom:31px;margin-left:0px;\"><h2 class=\"title-heading-left\" style=\"margin:0;\">What clients are saying about us<\/h2><span class=\"awb-title-spacer\"><\/span><div class=\"title-sep-container\"><div class=\"title-sep sep-double sep-solid\" style=\"border-color:#e0dede;\"><\/div><\/div><\/div><div class=\"fusion-testimonials classic fusion-testimonials-1\" data-random=\"0\" data-speed=\"4000\"><style type=\"text\/css\">#fusion-testimonials-1 a{border-color:#747474;}#fusion-testimonials-1 a:hover, #fusion-testimonials-1 .activeSlide{background-color: #747474;}.fusion-testimonials.classic.fusion-testimonials-1 .author:after{border-top-color:#f6f6f6 !important;}<\/style><div class=\"reviews\"><div class=\"review active-testimonial male\"><blockquote><q style=\"background-color:#f6f6f6;color:#747474;\" class=\"fusion-clearfix\">Thank you Pierre for services.<br \/>\nIt is very precious to be able to trust someone like you.<br \/>\nIt&#8217;s priceless!<\/q><\/blockquote><div class=\"author\" style=\"color:#747474;\"><span class=\"testimonial-thumbnail doe\" style=\"color:#747474;\"><\/span><span class=\"company-name\"><strong>A satisfied customer<\/strong><\/span><\/div><\/div><\/div><\/div><div class=\"fusion-clearfix\"><\/div><\/div><\/div><\/div><style type=\"text\/css\">.fusion-fullwidth.fusion-builder-row-1 { overflow:visible; }<\/style><\/div>\n","protected":false},"excerpt":{"rendered":"","protected":false},"author":1,"featured_media":0,"parent":0,"menu_order":0,"comment_status":"open","ping_status":"open","template":"","meta":{"footnotes":""},"class_list":["post-208","page","type-page","status-publish","hentry"],"yoast_head":"<!-- This site is optimized with the Yoast SEO plugin v27.0 - https:\/\/yoast.com\/product\/yoast-seo-wordpress\/ -->\n<title>Services and Rates - Supervision Residences Mont-Tremblant<\/title>\n<meta name=\"description\" content=\"We can take care of all your needs for your condo, cottage or holiday house: property management, spa or pool maintenance, work management, in\/out, and more\" \/>\n<meta name=\"robots\" content=\"index, follow, max-snippet:-1, max-image-preview:large, max-video-preview:-1\" \/>\n<link rel=\"canonical\" href=\"http:\/\/supervisiontremblant.com\/en\/services\/\" \/>\n<meta property=\"og:locale\" content=\"en_US\" \/>\n<meta property=\"og:type\" content=\"article\" \/>\n<meta property=\"og:title\" content=\"Services and Rates - Supervision Residences Mont-Tremblant\" \/>\n<meta property=\"og:description\" content=\"We can take care of all your needs for your condo, cottage or holiday house: property management, spa or pool maintenance, work management, in\/out, and more\" \/>\n<meta property=\"og:url\" content=\"http:\/\/supervisiontremblant.com\/en\/services\/\" \/>\n<meta property=\"og:site_name\" content=\"Supervision de R\u00e9sidences Mont-Tremblant\" \/>\n<meta property=\"article:modified_time\" content=\"2022-04-01T18:36:59+00:00\" \/>\n<meta name=\"twitter:card\" content=\"summary_large_image\" \/>\n<meta name=\"twitter:label1\" content=\"Est. reading time\" \/>\n\t<meta name=\"twitter:data1\" content=\"4 minutes\" \/>\n<script type=\"application\/ld+json\" class=\"yoast-schema-graph\">{\"@context\":\"https:\/\/schema.org\",\"@graph\":[{\"@type\":\"WebPage\",\"@id\":\"http:\/\/supervisiontremblant.com\/en\/services\/\",\"url\":\"http:\/\/supervisiontremblant.com\/en\/services\/\",\"name\":\"Services and Rates - Supervision Residences Mont-Tremblant\",\"isPartOf\":{\"@id\":\"http:\/\/supervisiontremblant.com\/#website\"},\"datePublished\":\"2015-12-10T17:37:30+00:00\",\"dateModified\":\"2022-04-01T18:36:59+00:00\",\"description\":\"We can take care of all your needs for your condo, cottage or holiday house: property management, spa or pool maintenance, work management, in\/out, and more\",\"breadcrumb\":{\"@id\":\"http:\/\/supervisiontremblant.com\/en\/services\/#breadcrumb\"},\"inLanguage\":\"en-US\",\"potentialAction\":[{\"@type\":\"ReadAction\",\"target\":[\"http:\/\/supervisiontremblant.com\/en\/services\/\"]}]},{\"@type\":\"BreadcrumbList\",\"@id\":\"http:\/\/supervisiontremblant.com\/en\/services\/#breadcrumb\",\"itemListElement\":[{\"@type\":\"ListItem\",\"position\":1,\"name\":\"Accueil\",\"item\":\"http:\/\/supervisiontremblant.com\/en\/\"},{\"@type\":\"ListItem\",\"position\":2,\"name\":\"Services\"}]},{\"@type\":\"WebSite\",\"@id\":\"http:\/\/supervisiontremblant.com\/#website\",\"url\":\"http:\/\/supervisiontremblant.com\/\",\"name\":\"Supervision de R\u00e9sidences Mont-Tremblant\",\"description\":\"Supervision, entretien, et surveillance de propri\u00e9t\u00e9 \u00e0 Mont-Tremblant\",\"potentialAction\":[{\"@type\":\"SearchAction\",\"target\":{\"@type\":\"EntryPoint\",\"urlTemplate\":\"http:\/\/supervisiontremblant.com\/?s={search_term_string}\"},\"query-input\":{\"@type\":\"PropertyValueSpecification\",\"valueRequired\":true,\"valueName\":\"search_term_string\"}}],\"inLanguage\":\"en-US\"}]}<\/script>\n<!-- \/ Yoast SEO plugin. -->","yoast_head_json":{"title":"Services and Rates - Supervision Residences Mont-Tremblant","description":"We can take care of all your needs for your condo, cottage or holiday house: property management, spa or pool maintenance, work management, in\/out, and more","robots":{"index":"index","follow":"follow","max-snippet":"max-snippet:-1","max-image-preview":"max-image-preview:large","max-video-preview":"max-video-preview:-1"},"canonical":"http:\/\/supervisiontremblant.com\/en\/services\/","og_locale":"en_US","og_type":"article","og_title":"Services and Rates - Supervision Residences Mont-Tremblant","og_description":"We can take care of all your needs for your condo, cottage or holiday house: property management, spa or pool maintenance, work management, in\/out, and more","og_url":"http:\/\/supervisiontremblant.com\/en\/services\/","og_site_name":"Supervision de R\u00e9sidences Mont-Tremblant","article_modified_time":"2022-04-01T18:36:59+00:00","twitter_card":"summary_large_image","twitter_misc":{"Est. reading time":"4 minutes"},"schema":{"@context":"https:\/\/schema.org","@graph":[{"@type":"WebPage","@id":"http:\/\/supervisiontremblant.com\/en\/services\/","url":"http:\/\/supervisiontremblant.com\/en\/services\/","name":"Services and Rates - Supervision Residences Mont-Tremblant","isPartOf":{"@id":"http:\/\/supervisiontremblant.com\/#website"},"datePublished":"2015-12-10T17:37:30+00:00","dateModified":"2022-04-01T18:36:59+00:00","description":"We can take care of all your needs for your condo, cottage or holiday house: property management, spa or pool maintenance, work management, in\/out, and more","breadcrumb":{"@id":"http:\/\/supervisiontremblant.com\/en\/services\/#breadcrumb"},"inLanguage":"en-US","potentialAction":[{"@type":"ReadAction","target":["http:\/\/supervisiontremblant.com\/en\/services\/"]}]},{"@type":"BreadcrumbList","@id":"http:\/\/supervisiontremblant.com\/en\/services\/#breadcrumb","itemListElement":[{"@type":"ListItem","position":1,"name":"Accueil","item":"http:\/\/supervisiontremblant.com\/en\/"},{"@type":"ListItem","position":2,"name":"Services"}]},{"@type":"WebSite","@id":"http:\/\/supervisiontremblant.com\/#website","url":"http:\/\/supervisiontremblant.com\/","name":"Supervision de R\u00e9sidences Mont-Tremblant","description":"Supervision, entretien, et surveillance de propri\u00e9t\u00e9 \u00e0 Mont-Tremblant","potentialAction":[{"@type":"SearchAction","target":{"@type":"EntryPoint","urlTemplate":"http:\/\/supervisiontremblant.com\/?s={search_term_string}"},"query-input":{"@type":"PropertyValueSpecification","valueRequired":true,"valueName":"search_term_string"}}],"inLanguage":"en-US"}]}},"_links":{"self":[{"href":"http:\/\/supervisiontremblant.com\/en\/wp-json\/wp\/v2\/pages\/208","targetHints":{"allow":["GET"]}}],"collection":[{"href":"http:\/\/supervisiontremblant.com\/en\/wp-json\/wp\/v2\/pages"}],"about":[{"href":"http:\/\/supervisiontremblant.com\/en\/wp-json\/wp\/v2\/types\/page"}],"author":[{"embeddable":true,"href":"http:\/\/supervisiontremblant.com\/en\/wp-json\/wp\/v2\/users\/1"}],"replies":[{"embeddable":true,"href":"http:\/\/supervisiontremblant.com\/en\/wp-json\/wp\/v2\/comments?post=208"}],"version-history":[{"count":4,"href":"http:\/\/supervisiontremblant.com\/en\/wp-json\/wp\/v2\/pages\/208\/revisions"}],"predecessor-version":[{"id":371,"href":"http:\/\/supervisiontremblant.com\/en\/wp-json\/wp\/v2\/pages\/208\/revisions\/371"}],"wp:attachment":[{"href":"http:\/\/supervisiontremblant.com\/en\/wp-json\/wp\/v2\/media?parent=208"}],"curies":[{"name":"wp","href":"https:\/\/api.w.org\/{rel}","templated":true}]}}