{"id":213,"date":"2015-12-10T12:40:17","date_gmt":"2015-12-10T17:40:17","guid":{"rendered":"http:\/\/supervisiontremblant.com\/?page_id=213&#038;lang=en"},"modified":"2022-04-01T13:35:21","modified_gmt":"2022-04-01T18:35:21","slug":"property-management","status":"publish","type":"page","link":"http:\/\/supervisiontremblant.com\/en\/services\/property-management\/","title":{"rendered":"Property management"},"content":{"rendered":"<div class=\"fusion-fullwidth fullwidth-box fusion-builder-row-1 hundred-percent-fullwidth non-hundred-percent-height-scrolling\" style=\"background-color: rgba(255,255,255,0);background-position: center center;background-repeat: no-repeat;padding-top:0px;padding-right:0px;padding-bottom:0px;padding-left:0px;margin-bottom: 0px;margin-top: 0px;border-width: 0px 0px 0px 0px;border-color:#eae9e9;border-style:solid;\" ><div class=\"fusion-builder-row fusion-row\"><div class=\"fusion-layout-column fusion_builder_column fusion-builder-column-0 fusion_builder_column_1_3 1_3 fusion-one-third fusion-column-first\" style=\"width:30.6666%; margin-right: 4%;margin-top:0px;margin-bottom:20px;\"><div class=\"fusion-column-wrapper fusion-flex-column-wrapper-legacy\" style=\"background-position:left top;background-repeat:no-repeat;-webkit-background-size:cover;-moz-background-size:cover;-o-background-size:cover;background-size:cover;padding: 0px 0px 0px 0px;\"><span class=\" fusion-imageframe imageframe-none imageframe-1 hover-type-none\"><img decoding=\"async\" width=\"300\" height=\"199\" title=\"shutterstock_247196101\" src=\"http:\/\/supervisiontremblant.com\/wp-content\/uploads\/2015\/07\/shutterstock_247196101-300x199.jpg\" alt class=\"img-responsive wp-image-150\" srcset=\"http:\/\/supervisiontremblant.com\/wp-content\/uploads\/2015\/07\/shutterstock_247196101-300x199.jpg 300w, http:\/\/supervisiontremblant.com\/wp-content\/uploads\/2015\/07\/shutterstock_247196101.jpg 1000w\" sizes=\"(max-width: 300px) 100vw, 300px\" \/><\/span><div class=\"fusion-clearfix\"><\/div><\/div><\/div><div class=\"fusion-layout-column fusion_builder_column fusion-builder-column-1 fusion_builder_column_1_3 1_3 fusion-one-third\" style=\"width:30.6666%; margin-right: 4%;margin-top:0px;margin-bottom:20px;\"><div class=\"fusion-column-wrapper fusion-flex-column-wrapper-legacy\" style=\"background-position:left top;background-repeat:no-repeat;-webkit-background-size:cover;-moz-background-size:cover;-o-background-size:cover;background-size:cover;padding: 0px 0px 0px 0px;\"><style type=\"text\/css\"><\/style><div class=\"fusion-title title fusion-title-1 fusion-title-text fusion-title-size-two\" style=\"margin-top:0px;margin-right:0px;margin-bottom:31px;margin-left:0px;\"><h2 class=\"title-heading-left\" style=\"margin:0;\">We take care of your property<\/h2><span class=\"awb-title-spacer\"><\/span><div class=\"title-sep-container\"><div class=\"title-sep sep-double sep-solid\" style=\"border-color:#e0dede;\"><\/div><\/div><\/div><div class=\"fusion-text fusion-text-1\"><p>We take care of your residence, as if it was ours, with the same attention to details.<\/p>\n<p>Cleanliness, comfort and security are at the foundation of our service.<\/p>\n<\/div><div class=\"fusion-button-wrapper\"><style>.fusion-body .fusion-button.button-1{border-radius:2px 2px 2px 2px;}<\/style><a class=\"fusion-button button-flat fusion-button-default-size button-default button-1 fusion-button-default-span fusion-button-default-type\" target=\"_self\" href=\"\/en\/services\"><span class=\"fusion-button-text\">Our services<\/span><\/a><\/div><div class=\"fusion-clearfix\"><\/div><\/div><\/div><div class=\"fusion-layout-column fusion_builder_column fusion-builder-column-2 fusion_builder_column_1_3 1_3 fusion-one-third fusion-column-last\" style=\"width:30.6666%;margin-top:0px;margin-bottom:20px;\"><div class=\"fusion-column-wrapper fusion-flex-column-wrapper-legacy\" style=\"background-position:left top;background-repeat:no-repeat;-webkit-background-size:cover;-moz-background-size:cover;-o-background-size:cover;background-size:cover;padding: 0px 0px 0px 0px;\"><style type=\"text\/css\"><\/style><div class=\"fusion-title title fusion-title-2 fusion-title-text fusion-title-size-two\" style=\"margin-top:0px;margin-right:0px;margin-bottom:31px;margin-left:0px;\"><h2 class=\"title-heading-left\" style=\"margin:0;\">Why choose us ?<\/h2><span class=\"awb-title-spacer\"><\/span><div class=\"title-sep-container\"><div class=\"title-sep sep-double sep-solid\" style=\"border-color:#e0dede;\"><\/div><\/div><\/div><ul class=\"fusion-checklist fusion-checklist-1\" style=\"font-size:13px;line-height:22.1px;\"><li style=\"background-color:rgba(255,255,255,0);\" class=\"fusion-li-item\"><span style=\"background-color:#1a80b6;font-size:11.44px;height:22.1px;width:22.1px;margin-right:9.1px;\" class=\"icon-wrapper circle-yes\"><i class=\"fusion-li-icon fa fa-check\" style=\"color:#ffffff;\" aria-hidden=\"true\"><\/i><\/span><div class=\"fusion-li-item-content\" style=\"margin-left:31.2px;color:#747474;\">A turn-key personalized service<\/div><\/li><li style=\"background-color:rgba(255,255,255,0);\" class=\"fusion-li-item\"><span style=\"background-color:#1a80b6;font-size:11.44px;height:22.1px;width:22.1px;margin-right:9.1px;\" class=\"icon-wrapper circle-yes\"><i class=\"fusion-li-icon fa fa-check\" style=\"color:#ffffff;\" aria-hidden=\"true\"><\/i><\/span><div class=\"fusion-li-item-content\" style=\"margin-left:31.2px;color:#747474;\">A quality assurance<\/div><\/li><li style=\"background-color:rgba(255,255,255,0);\" class=\"fusion-li-item\"><span style=\"background-color:#1a80b6;font-size:11.44px;height:22.1px;width:22.1px;margin-right:9.1px;\" class=\"icon-wrapper circle-yes\"><i class=\"fusion-li-icon fa fa-check\" style=\"color:#ffffff;\" aria-hidden=\"true\"><\/i><\/span><div class=\"fusion-li-item-content\" style=\"margin-left:31.2px;color:#747474;\">The peace of mind<\/div><\/li><li style=\"background-color:rgba(255,255,255,0);\" class=\"fusion-li-item\"><span style=\"background-color:#1a80b6;font-size:11.44px;height:22.1px;width:22.1px;margin-right:9.1px;\" class=\"icon-wrapper circle-yes\"><i class=\"fusion-li-icon fa fa-check\" style=\"color:#ffffff;\" aria-hidden=\"true\"><\/i><\/span><div class=\"fusion-li-item-content\" style=\"margin-left:31.2px;color:#747474;\">The experience<\/div><\/li><\/ul><div class=\"fusion-clearfix\"><\/div><\/div><\/div><\/div><style type=\"text\/css\">.fusion-fullwidth.fusion-builder-row-1 { overflow:visible; }<\/style><\/div>\n","protected":false},"excerpt":{"rendered":"","protected":false},"author":1,"featured_media":0,"parent":208,"menu_order":0,"comment_status":"open","ping_status":"open","template":"","meta":{"footnotes":""},"class_list":["post-213","page","type-page","status-publish","hentry"],"yoast_head":"<!-- This site is optimized with the Yoast SEO plugin v27.0 - https:\/\/yoast.com\/product\/yoast-seo-wordpress\/ -->\n<title>Property management - Supervision de R\u00e9sidences Mont-Tremblant<\/title>\n<meta name=\"robots\" content=\"index, follow, max-snippet:-1, max-image-preview:large, max-video-preview:-1\" \/>\n<link rel=\"canonical\" href=\"http:\/\/supervisiontremblant.com\/en\/services\/property-management\/\" \/>\n<meta property=\"og:locale\" content=\"en_US\" \/>\n<meta property=\"og:type\" content=\"article\" \/>\n<meta property=\"og:title\" content=\"Property management - Supervision de R\u00e9sidences Mont-Tremblant\" \/>\n<meta property=\"og:url\" content=\"http:\/\/supervisiontremblant.com\/en\/services\/property-management\/\" \/>\n<meta property=\"og:site_name\" content=\"Supervision de R\u00e9sidences Mont-Tremblant\" \/>\n<meta property=\"article:modified_time\" content=\"2022-04-01T18:35:21+00:00\" \/>\n<meta property=\"og:image\" content=\"http:\/\/supervisiontremblant.com\/wp-content\/uploads\/2015\/07\/shutterstock_247196101-300x199.jpg\" \/>\n<meta name=\"twitter:card\" content=\"summary_large_image\" \/>\n<meta name=\"twitter:label1\" content=\"Est. reading time\" \/>\n\t<meta name=\"twitter:data1\" content=\"2 minutes\" \/>\n<script type=\"application\/ld+json\" class=\"yoast-schema-graph\">{\"@context\":\"https:\/\/schema.org\",\"@graph\":[{\"@type\":\"WebPage\",\"@id\":\"http:\/\/supervisiontremblant.com\/en\/services\/property-management\/\",\"url\":\"http:\/\/supervisiontremblant.com\/en\/services\/property-management\/\",\"name\":\"Property management - Supervision de R\u00e9sidences Mont-Tremblant\",\"isPartOf\":{\"@id\":\"http:\/\/supervisiontremblant.com\/#website\"},\"primaryImageOfPage\":{\"@id\":\"http:\/\/supervisiontremblant.com\/en\/services\/property-management\/#primaryimage\"},\"image\":{\"@id\":\"http:\/\/supervisiontremblant.com\/en\/services\/property-management\/#primaryimage\"},\"thumbnailUrl\":\"http:\/\/supervisiontremblant.com\/wp-content\/uploads\/2015\/07\/shutterstock_247196101-300x199.jpg\",\"datePublished\":\"2015-12-10T17:40:17+00:00\",\"dateModified\":\"2022-04-01T18:35:21+00:00\",\"breadcrumb\":{\"@id\":\"http:\/\/supervisiontremblant.com\/en\/services\/property-management\/#breadcrumb\"},\"inLanguage\":\"en-US\",\"potentialAction\":[{\"@type\":\"ReadAction\",\"target\":[\"http:\/\/supervisiontremblant.com\/en\/services\/property-management\/\"]}]},{\"@type\":\"ImageObject\",\"inLanguage\":\"en-US\",\"@id\":\"http:\/\/supervisiontremblant.com\/en\/services\/property-management\/#primaryimage\",\"url\":\"http:\/\/supervisiontremblant.com\/wp-content\/uploads\/2015\/07\/shutterstock_247196101-300x199.jpg\",\"contentUrl\":\"http:\/\/supervisiontremblant.com\/wp-content\/uploads\/2015\/07\/shutterstock_247196101-300x199.jpg\"},{\"@type\":\"BreadcrumbList\",\"@id\":\"http:\/\/supervisiontremblant.com\/en\/services\/property-management\/#breadcrumb\",\"itemListElement\":[{\"@type\":\"ListItem\",\"position\":1,\"name\":\"Accueil\",\"item\":\"http:\/\/supervisiontremblant.com\/en\/\"},{\"@type\":\"ListItem\",\"position\":2,\"name\":\"Services\",\"item\":\"http:\/\/supervisiontremblant.com\/en\/services\/\"},{\"@type\":\"ListItem\",\"position\":3,\"name\":\"Property management\"}]},{\"@type\":\"WebSite\",\"@id\":\"http:\/\/supervisiontremblant.com\/#website\",\"url\":\"http:\/\/supervisiontremblant.com\/\",\"name\":\"Supervision de R\u00e9sidences Mont-Tremblant\",\"description\":\"Supervision, entretien, et surveillance de propri\u00e9t\u00e9 \u00e0 Mont-Tremblant\",\"potentialAction\":[{\"@type\":\"SearchAction\",\"target\":{\"@type\":\"EntryPoint\",\"urlTemplate\":\"http:\/\/supervisiontremblant.com\/?s={search_term_string}\"},\"query-input\":{\"@type\":\"PropertyValueSpecification\",\"valueRequired\":true,\"valueName\":\"search_term_string\"}}],\"inLanguage\":\"en-US\"}]}<\/script>\n<!-- \/ Yoast SEO plugin. -->","yoast_head_json":{"title":"Property management - Supervision de R\u00e9sidences Mont-Tremblant","robots":{"index":"index","follow":"follow","max-snippet":"max-snippet:-1","max-image-preview":"max-image-preview:large","max-video-preview":"max-video-preview:-1"},"canonical":"http:\/\/supervisiontremblant.com\/en\/services\/property-management\/","og_locale":"en_US","og_type":"article","og_title":"Property management - Supervision de R\u00e9sidences Mont-Tremblant","og_url":"http:\/\/supervisiontremblant.com\/en\/services\/property-management\/","og_site_name":"Supervision de R\u00e9sidences Mont-Tremblant","article_modified_time":"2022-04-01T18:35:21+00:00","og_image":[{"url":"http:\/\/supervisiontremblant.com\/wp-content\/uploads\/2015\/07\/shutterstock_247196101-300x199.jpg","type":"","width":"","height":""}],"twitter_card":"summary_large_image","twitter_misc":{"Est. reading time":"2 minutes"},"schema":{"@context":"https:\/\/schema.org","@graph":[{"@type":"WebPage","@id":"http:\/\/supervisiontremblant.com\/en\/services\/property-management\/","url":"http:\/\/supervisiontremblant.com\/en\/services\/property-management\/","name":"Property management - Supervision de R\u00e9sidences Mont-Tremblant","isPartOf":{"@id":"http:\/\/supervisiontremblant.com\/#website"},"primaryImageOfPage":{"@id":"http:\/\/supervisiontremblant.com\/en\/services\/property-management\/#primaryimage"},"image":{"@id":"http:\/\/supervisiontremblant.com\/en\/services\/property-management\/#primaryimage"},"thumbnailUrl":"http:\/\/supervisiontremblant.com\/wp-content\/uploads\/2015\/07\/shutterstock_247196101-300x199.jpg","datePublished":"2015-12-10T17:40:17+00:00","dateModified":"2022-04-01T18:35:21+00:00","breadcrumb":{"@id":"http:\/\/supervisiontremblant.com\/en\/services\/property-management\/#breadcrumb"},"inLanguage":"en-US","potentialAction":[{"@type":"ReadAction","target":["http:\/\/supervisiontremblant.com\/en\/services\/property-management\/"]}]},{"@type":"ImageObject","inLanguage":"en-US","@id":"http:\/\/supervisiontremblant.com\/en\/services\/property-management\/#primaryimage","url":"http:\/\/supervisiontremblant.com\/wp-content\/uploads\/2015\/07\/shutterstock_247196101-300x199.jpg","contentUrl":"http:\/\/supervisiontremblant.com\/wp-content\/uploads\/2015\/07\/shutterstock_247196101-300x199.jpg"},{"@type":"BreadcrumbList","@id":"http:\/\/supervisiontremblant.com\/en\/services\/property-management\/#breadcrumb","itemListElement":[{"@type":"ListItem","position":1,"name":"Accueil","item":"http:\/\/supervisiontremblant.com\/en\/"},{"@type":"ListItem","position":2,"name":"Services","item":"http:\/\/supervisiontremblant.com\/en\/services\/"},{"@type":"ListItem","position":3,"name":"Property management"}]},{"@type":"WebSite","@id":"http:\/\/supervisiontremblant.com\/#website","url":"http:\/\/supervisiontremblant.com\/","name":"Supervision de R\u00e9sidences Mont-Tremblant","description":"Supervision, entretien, et surveillance de propri\u00e9t\u00e9 \u00e0 Mont-Tremblant","potentialAction":[{"@type":"SearchAction","target":{"@type":"EntryPoint","urlTemplate":"http:\/\/supervisiontremblant.com\/?s={search_term_string}"},"query-input":{"@type":"PropertyValueSpecification","valueRequired":true,"valueName":"search_term_string"}}],"inLanguage":"en-US"}]}},"_links":{"self":[{"href":"http:\/\/supervisiontremblant.com\/en\/wp-json\/wp\/v2\/pages\/213","targetHints":{"allow":["GET"]}}],"collection":[{"href":"http:\/\/supervisiontremblant.com\/en\/wp-json\/wp\/v2\/pages"}],"about":[{"href":"http:\/\/supervisiontremblant.com\/en\/wp-json\/wp\/v2\/types\/page"}],"author":[{"embeddable":true,"href":"http:\/\/supervisiontremblant.com\/en\/wp-json\/wp\/v2\/users\/1"}],"replies":[{"embeddable":true,"href":"http:\/\/supervisiontremblant.com\/en\/wp-json\/wp\/v2\/comments?post=213"}],"version-history":[{"count":1,"href":"http:\/\/supervisiontremblant.com\/en\/wp-json\/wp\/v2\/pages\/213\/revisions"}],"predecessor-version":[{"id":370,"href":"http:\/\/supervisiontremblant.com\/en\/wp-json\/wp\/v2\/pages\/213\/revisions\/370"}],"up":[{"embeddable":true,"href":"http:\/\/supervisiontremblant.com\/en\/wp-json\/wp\/v2\/pages\/208"}],"wp:attachment":[{"href":"http:\/\/supervisiontremblant.com\/en\/wp-json\/wp\/v2\/media?parent=213"}],"curies":[{"name":"wp","href":"https:\/\/api.w.org\/{rel}","templated":true}]}}